{"id":2093,"date":"2022-01-08T12:03:03","date_gmt":"2022-01-08T12:03:03","guid":{"rendered":"https:\/\/seet.ch\/support-us\/become-a-donor\/all-our-fundraisers\/"},"modified":"2022-02-22T19:55:45","modified_gmt":"2022-02-22T19:55:45","slug":"all-our-fundraisers","status":"publish","type":"page","link":"https:\/\/seet.ch\/en\/support-us\/become-a-donor\/all-our-fundraisers\/","title":{"rendered":"All our fundraisers"},"content":{"rendered":"<div id=\"cs-content\" class=\"cs-content\"><\/div>\n","protected":false},"excerpt":{"rendered":"<p>Support Manahil Unsere Mentee Manahil Mohammed Yousif Abdalla absolviert gerade einen Englisch-Sprachkurs (B2-C1), um sich f\u00fcr ein Masterstudium in Physik zu qualifizieren. SEET \u00fcbernimmt einen Teil der Kosten, es fehlen Manahil jedoch noch 2&#8217;000 CHF. Mit deiner Spende kannst du Manahil direkt auf ihrem Weg zum Studium unterst\u00fctzen. Article about ManahilSollten die gesammelten Spenden den ben\u00f6tigten Betrag \u00fcberschreiten, fliessen die &#8230; <\/p>\n<div><a href=\"https:\/\/seet.ch\/en\/support-us\/become-a-donor\/all-our-fundraisers\/\" class=\"more-link\">Read More<\/a><\/div>\n","protected":false},"author":12,"featured_media":0,"parent":2091,"menu_order":0,"comment_status":"closed","ping_status":"closed","template":"template-blank-4.php","meta":{"footnotes":""},"class_list":["post-2093","page","type-page","status-publish","hentry","no-post-thumbnail"],"yoast_head":"<!-- This site is optimized with the Yoast SEO plugin v27.4 - https:\/\/yoast.com\/product\/yoast-seo-wordpress\/ -->\n<title>All our fundraisers - SEET<\/title>\n<meta name=\"description\" content=\"Do you want to help someone? Manahil has been a SEET mentee for 2 years and now she needs support for her language course to start her physics studies.\" \/>\n<meta name=\"robots\" content=\"index, follow, max-snippet:-1, max-image-preview:large, max-video-preview:-1\" \/>\n<link rel=\"canonical\" href=\"https:\/\/seet.ch\/en\/support-us\/become-a-donor\/all-our-fundraisers\/\" \/>\n<meta property=\"og:locale\" content=\"en_US\" \/>\n<meta property=\"og:type\" content=\"article\" \/>\n<meta property=\"og:title\" content=\"Language course for Manahil\" \/>\n<meta property=\"og:description\" content=\"Do you want to help someone? Manahil has been a SEET mentee for 2 years and now she needs support for her language course to start her physics studies.\" \/>\n<meta property=\"og:url\" content=\"https:\/\/seet.ch\/en\/support-us\/become-a-donor\/all-our-fundraisers\/\" \/>\n<meta property=\"og:site_name\" content=\"SEET\" \/>\n<meta property=\"article:publisher\" content=\"https:\/\/www.facebook.com\/seetzh\" \/>\n<meta property=\"article:modified_time\" content=\"2022-02-22T19:55:45+00:00\" \/>\n<meta property=\"og:image\" content=\"https:\/\/seet.ch\/wp-content\/uploads\/2020\/09\/AfgHpcdA.jpg\" \/>\n<meta name=\"twitter:label1\" content=\"Est. reading time\" \/>\n\t<meta name=\"twitter:data1\" content=\"1 minute\" \/>\n<script type=\"application\/ld+json\" class=\"yoast-schema-graph\">{\"@context\":\"https:\\\/\\\/schema.org\",\"@graph\":[{\"@type\":\"WebPage\",\"@id\":\"https:\\\/\\\/seet.ch\\\/en\\\/support-us\\\/become-a-donor\\\/all-our-fundraisers\\\/\",\"url\":\"https:\\\/\\\/seet.ch\\\/en\\\/support-us\\\/become-a-donor\\\/all-our-fundraisers\\\/\",\"name\":\"All our fundraisers - SEET\",\"isPartOf\":{\"@id\":\"https:\\\/\\\/seet.ch\\\/en\\\/#website\"},\"datePublished\":\"2022-01-08T12:03:03+00:00\",\"dateModified\":\"2022-02-22T19:55:45+00:00\",\"description\":\"Do you want to help someone? Manahil has been a SEET mentee for 2 years and now she needs support for her language course to start her physics studies.\",\"breadcrumb\":{\"@id\":\"https:\\\/\\\/seet.ch\\\/en\\\/support-us\\\/become-a-donor\\\/all-our-fundraisers\\\/#breadcrumb\"},\"inLanguage\":\"en-US\",\"potentialAction\":[{\"@type\":\"ReadAction\",\"target\":[\"https:\\\/\\\/seet.ch\\\/en\\\/support-us\\\/become-a-donor\\\/all-our-fundraisers\\\/\"]}]},{\"@type\":\"BreadcrumbList\",\"@id\":\"https:\\\/\\\/seet.ch\\\/en\\\/support-us\\\/become-a-donor\\\/all-our-fundraisers\\\/#breadcrumb\",\"itemListElement\":[{\"@type\":\"ListItem\",\"position\":1,\"name\":\"Home\",\"item\":\"https:\\\/\\\/seet.ch\\\/en\\\/home\\\/\"},{\"@type\":\"ListItem\",\"position\":2,\"name\":\"Support us\",\"item\":\"https:\\\/\\\/seet.ch\\\/en\\\/support-us\\\/\"},{\"@type\":\"ListItem\",\"position\":3,\"name\":\"Become a donor\",\"item\":\"https:\\\/\\\/seet.ch\\\/en\\\/support-us\\\/become-a-donor\\\/\"},{\"@type\":\"ListItem\",\"position\":4,\"name\":\"All our fundraisers\"}]},{\"@type\":\"WebSite\",\"@id\":\"https:\\\/\\\/seet.ch\\\/en\\\/#website\",\"url\":\"https:\\\/\\\/seet.ch\\\/en\\\/\",\"name\":\"SEET\",\"description\":\"Support Education, Empower Together\",\"publisher\":{\"@id\":\"https:\\\/\\\/seet.ch\\\/en\\\/#organization\"},\"potentialAction\":[{\"@type\":\"SearchAction\",\"target\":{\"@type\":\"EntryPoint\",\"urlTemplate\":\"https:\\\/\\\/seet.ch\\\/en\\\/?s={search_term_string}\"},\"query-input\":{\"@type\":\"PropertyValueSpecification\",\"valueRequired\":true,\"valueName\":\"search_term_string\"}}],\"inLanguage\":\"en-US\"},{\"@type\":\"Organization\",\"@id\":\"https:\\\/\\\/seet.ch\\\/en\\\/#organization\",\"name\":\"SEET\",\"url\":\"https:\\\/\\\/seet.ch\\\/en\\\/\",\"logo\":{\"@type\":\"ImageObject\",\"inLanguage\":\"en-US\",\"@id\":\"https:\\\/\\\/seet.ch\\\/en\\\/#\\\/schema\\\/logo\\\/image\\\/\",\"url\":\"https:\\\/\\\/www.seet.ch\\\/wp-content\\\/uploads\\\/2020\\\/08\\\/SEET_Logo_2_gross.png\",\"contentUrl\":\"https:\\\/\\\/www.seet.ch\\\/wp-content\\\/uploads\\\/2020\\\/08\\\/SEET_Logo_2_gross.png\",\"width\":2560,\"height\":785,\"caption\":\"SEET\"},\"image\":{\"@id\":\"https:\\\/\\\/seet.ch\\\/en\\\/#\\\/schema\\\/logo\\\/image\\\/\"},\"sameAs\":[\"https:\\\/\\\/www.facebook.com\\\/seetzh\",\"https:\\\/\\\/instagram.com\\\/seet_zuerich?igshid=jidckjn9o55l\",\"https:\\\/\\\/www.linkedin.com\\\/company\\\/seetzh\"]}]}<\/script>\n<!-- \/ Yoast SEO plugin. -->","yoast_head_json":{"title":"All our fundraisers - SEET","description":"Do you want to help someone? Manahil has been a SEET mentee for 2 years and now she needs support for her language course to start her physics studies.","robots":{"index":"index","follow":"follow","max-snippet":"max-snippet:-1","max-image-preview":"max-image-preview:large","max-video-preview":"max-video-preview:-1"},"canonical":"https:\/\/seet.ch\/en\/support-us\/become-a-donor\/all-our-fundraisers\/","og_locale":"en_US","og_type":"article","og_title":"Language course for Manahil","og_description":"Do you want to help someone? Manahil has been a SEET mentee for 2 years and now she needs support for her language course to start her physics studies.","og_url":"https:\/\/seet.ch\/en\/support-us\/become-a-donor\/all-our-fundraisers\/","og_site_name":"SEET","article_publisher":"https:\/\/www.facebook.com\/seetzh","article_modified_time":"2022-02-22T19:55:45+00:00","og_image":[{"url":"https:\/\/seet.ch\/wp-content\/uploads\/2020\/09\/AfgHpcdA.jpg","type":"","width":"","height":""}],"twitter_misc":{"Est. reading time":"1 minute"},"schema":{"@context":"https:\/\/schema.org","@graph":[{"@type":"WebPage","@id":"https:\/\/seet.ch\/en\/support-us\/become-a-donor\/all-our-fundraisers\/","url":"https:\/\/seet.ch\/en\/support-us\/become-a-donor\/all-our-fundraisers\/","name":"All our fundraisers - SEET","isPartOf":{"@id":"https:\/\/seet.ch\/en\/#website"},"datePublished":"2022-01-08T12:03:03+00:00","dateModified":"2022-02-22T19:55:45+00:00","description":"Do you want to help someone? Manahil has been a SEET mentee for 2 years and now she needs support for her language course to start her physics studies.","breadcrumb":{"@id":"https:\/\/seet.ch\/en\/support-us\/become-a-donor\/all-our-fundraisers\/#breadcrumb"},"inLanguage":"en-US","potentialAction":[{"@type":"ReadAction","target":["https:\/\/seet.ch\/en\/support-us\/become-a-donor\/all-our-fundraisers\/"]}]},{"@type":"BreadcrumbList","@id":"https:\/\/seet.ch\/en\/support-us\/become-a-donor\/all-our-fundraisers\/#breadcrumb","itemListElement":[{"@type":"ListItem","position":1,"name":"Home","item":"https:\/\/seet.ch\/en\/home\/"},{"@type":"ListItem","position":2,"name":"Support us","item":"https:\/\/seet.ch\/en\/support-us\/"},{"@type":"ListItem","position":3,"name":"Become a donor","item":"https:\/\/seet.ch\/en\/support-us\/become-a-donor\/"},{"@type":"ListItem","position":4,"name":"All our fundraisers"}]},{"@type":"WebSite","@id":"https:\/\/seet.ch\/en\/#website","url":"https:\/\/seet.ch\/en\/","name":"SEET","description":"Support Education, Empower Together","publisher":{"@id":"https:\/\/seet.ch\/en\/#organization"},"potentialAction":[{"@type":"SearchAction","target":{"@type":"EntryPoint","urlTemplate":"https:\/\/seet.ch\/en\/?s={search_term_string}"},"query-input":{"@type":"PropertyValueSpecification","valueRequired":true,"valueName":"search_term_string"}}],"inLanguage":"en-US"},{"@type":"Organization","@id":"https:\/\/seet.ch\/en\/#organization","name":"SEET","url":"https:\/\/seet.ch\/en\/","logo":{"@type":"ImageObject","inLanguage":"en-US","@id":"https:\/\/seet.ch\/en\/#\/schema\/logo\/image\/","url":"https:\/\/www.seet.ch\/wp-content\/uploads\/2020\/08\/SEET_Logo_2_gross.png","contentUrl":"https:\/\/www.seet.ch\/wp-content\/uploads\/2020\/08\/SEET_Logo_2_gross.png","width":2560,"height":785,"caption":"SEET"},"image":{"@id":"https:\/\/seet.ch\/en\/#\/schema\/logo\/image\/"},"sameAs":["https:\/\/www.facebook.com\/seetzh","https:\/\/instagram.com\/seet_zuerich?igshid=jidckjn9o55l","https:\/\/www.linkedin.com\/company\/seetzh"]}]}},"_links":{"self":[{"href":"https:\/\/seet.ch\/en\/wp-json\/wp\/v2\/pages\/2093","targetHints":{"allow":["GET"]}}],"collection":[{"href":"https:\/\/seet.ch\/en\/wp-json\/wp\/v2\/pages"}],"about":[{"href":"https:\/\/seet.ch\/en\/wp-json\/wp\/v2\/types\/page"}],"author":[{"embeddable":true,"href":"https:\/\/seet.ch\/en\/wp-json\/wp\/v2\/users\/12"}],"replies":[{"embeddable":true,"href":"https:\/\/seet.ch\/en\/wp-json\/wp\/v2\/comments?post=2093"}],"version-history":[{"count":4,"href":"https:\/\/seet.ch\/en\/wp-json\/wp\/v2\/pages\/2093\/revisions"}],"predecessor-version":[{"id":2097,"href":"https:\/\/seet.ch\/en\/wp-json\/wp\/v2\/pages\/2093\/revisions\/2097"}],"up":[{"embeddable":true,"href":"https:\/\/seet.ch\/en\/wp-json\/wp\/v2\/pages\/2091"}],"wp:attachment":[{"href":"https:\/\/seet.ch\/en\/wp-json\/wp\/v2\/media?parent=2093"}],"curies":[{"name":"wp","href":"https:\/\/api.w.org\/{rel}","templated":true}]}}